{"id":65,"date":"2017-12-10T16:13:19","date_gmt":"2017-12-10T16:13:19","guid":{"rendered":"https:\/\/heckes.ch\/?page_id=65"},"modified":"2017-12-10T16:33:43","modified_gmt":"2017-12-10T16:33:43","slug":"mein-team","status":"publish","type":"page","link":"https:\/\/www.heckes.ch\/?page_id=65","title":{"rendered":"Mein Team"},"content":{"rendered":"<div class=\"vc_row wpb_row vc_row-fluid\">\n<div class=\"wpb_column vc_column_container vc_col-sm-9\">\n<div class=\"vc_column-inner \">\n<div class=\"wpb_wrapper\">\n<div class=\"wpb_column vc_column_container vc_col-sm-9\">\n<div class=\"vc_column-inner \">\n<div class=\"wpb_wrapper\">\n<div class=\"wpb_column vc_column_container vc_col-sm-9\">\n<div class=\"vc_column-inner \">\n<div class=\"wpb_wrapper\">\n<h5 class=\"\">Godehard Mansfeld<\/h5>\n<div class=\"wpb_text_column wpb_content_element \">\n<div class=\"wpb_wrapper\">\n<p>Godehard Mansfeld ist CEO, Inhaber und Gr\u00fcnder, derjenige der den Draht zum Kunden hat, jederzeit ein offenes Ohr gepaart mit schnellem und tiefgr\u00fcndigem, technischen Sachverstand und einem sehr breiten Erfahrungs-Schatz, der allen zufriedenen und best\u00e4ndigen Kunden bei ihren t\u00e4glichen Problemchen eine praktikable L\u00f6sung bieten kann.<\/p>\n<\/div>\n<\/div>\n<\/div>\n<\/div>\n<\/div>\n<\/div>\n<\/div>\n<\/div>\n<\/div>\n<\/div>\n<\/div>\n<\/div>\n<p>&nbsp;<\/p>\n<div class=\"vc_row wpb_row vc_row-fluid\">\n<div class=\"wpb_column vc_column_container vc_col-sm-9\">\n<div class=\"vc_column-inner \">\n<div class=\"wpb_wrapper\">\n<h5 class=\"\">Tanja Mansfeld<\/h5>\n<div class=\"wpb_text_column wpb_content_element \">\n<div class=\"wpb_wrapper\">\n<div class=\"vc_row wpb_row vc_row-fluid\">\n<div class=\"wpb_column vc_column_container vc_col-sm-9\">\n<div class=\"vc_column-inner \">\n<div class=\"wpb_wrapper\">\n<div class=\"wpb_text_column wpb_content_element \">\n<div class=\"wpb_wrapper\">\n<p>Tanja Mansfeld unterst\u00fctzt uns bei Online- und Printmedien, indem sie ihre Kreativit\u00e4t und schriftsetzerische Erfahrung mit ungebremster Leidenschaft einbringt.<\/p>\n<\/div>\n<\/div>\n<\/div>\n<\/div>\n<\/div>\n<\/div>\n<\/div>\n<\/div>\n<\/div>\n<\/div>\n<\/div>\n<\/div>\n<p>&nbsp;<\/p>\n<h5><strong>Hannelore Meyer &amp; Benno Meyer<\/strong><\/h5>\n<p>Sie haben mich immer unterst\u00fctzt und mir mut gemacht als etwas nicht so geklappt hat wie ich wollte.<\/p>\n<p>&nbsp;<\/p>\n<h5 class=\"\">Benno Heckes<\/h5>\n<p>Benno Heckes (Ich) k\u00fcmmert sich um alles rund um Computer und enteckt mit begeisterung Interaktionen zwischen den Welten.<\/p>\n<div class=\"vc_row wpb_row vc_row-fluid\">\n<div class=\"wpb_column vc_column_container vc_col-sm-9\">\n<div class=\"vc_column-inner \">\n<div class=\"wpb_wrapper\">\n<div class=\"wpb_column vc_column_container vc_col-sm-9\">\n<div class=\"vc_column-inner \">\n<div class=\"wpb_wrapper\"><\/div>\n<\/div>\n<\/div>\n<\/div>\n<\/div>\n<\/div>\n<\/div>\n<div class=\"vc_row wpb_row vc_row-fluid\">\n<div class=\"wpb_column vc_column_container vc_col-sm-9\">\n<div class=\"vc_column-inner \">\n<div class=\"wpb_wrapper\">\n<div class=\"vc_row wpb_row vc_row-fluid\">\n<div class=\"wpb_column vc_column_container vc_col-sm-3\">\n<div class=\"vc_column-inner \">\n<div class=\"wpb_wrapper\">\n<div class=\"wpb_single_image wpb_content_element vc_align_left\">\n<figure class=\"wpb_wrapper vc_figure\">\n<div class=\"vc_single_image-wrapper vc_box_border_grey\">\n<div class=\"wpb_column vc_column_container vc_col-sm-3\">\n<div class=\"vc_column-inner \">\n<div class=\"wpb_wrapper\">\n<div class=\"wpb_single_image wpb_content_element vc_align_left\">\n<figure class=\"wpb_wrapper vc_figure\">\n<div class=\"vc_single_image-wrapper vc_box_border_grey\"><\/div>\n<div><\/div>\n<\/figure>\n<\/div>\n<\/div>\n<\/div>\n<\/div>\n<\/div>\n<\/figure>\n<\/div>\n<\/div>\n<\/div>\n<\/div>\n<\/div>\n<section class=\"container\">\n<div class=\"normal\">\n<div class=\"vc_row wpb_row vc_row-fluid\">\n<div class=\"wpb_column vc_column_container vc_col-sm-3\">\n<div class=\"vc_column-inner \">\n<div class=\"wpb_wrapper\">\n<div class=\"wpb_single_image wpb_content_element vc_align_left\">\n<figure class=\"wpb_wrapper vc_figure\">\n<div class=\"vc_single_image-wrapper vc_box_border_grey\"><\/div>\n<\/figure>\n<\/div>\n<\/div>\n<\/div>\n<\/div>\n<\/div>\n<\/div>\n<\/section>\n<\/div>\n<\/div>\n<\/div>\n<\/div>\n","protected":false},"excerpt":{"rendered":"<p>Godehard Mansfeld Godehard Mansfeld ist CEO, Inhaber und Gr\u00fcnder, derjenige der den Draht zum Kunden hat, jederzeit ein offenes Ohr gepaart mit schnellem und tiefgr\u00fcndigem, technischen Sachverstand und einem sehr breiten Erfahrungs-Schatz, der allen zufriedenen und best\u00e4ndigen Kunden bei ihren t\u00e4glichen Problemchen eine praktikable L\u00f6sung bieten kann. &nbsp; Tanja Mansfeld Tanja Mansfeld unterst\u00fctzt uns bei [&hellip;]<\/p>\n","protected":false},"author":2,"featured_media":0,"parent":0,"menu_order":0,"comment_status":"closed","ping_status":"closed","template":"","meta":{"footnotes":""},"class_list":["post-65","page","type-page","status-publish","hentry","post-preview"],"yoast_head":"<!-- This site is optimized with the Yoast SEO plugin v26.5 - https:\/\/yoast.com\/wordpress\/plugins\/seo\/ -->\n<title>Mein Team - Benno Heckes<\/title>\n<meta name=\"robots\" content=\"index, follow, max-snippet:-1, max-image-preview:large, max-video-preview:-1\" \/>\n<link rel=\"canonical\" href=\"https:\/\/www.heckes.ch\/?page_id=65\" \/>\n<meta property=\"og:locale\" content=\"de_DE\" \/>\n<meta property=\"og:type\" content=\"article\" \/>\n<meta property=\"og:title\" content=\"Mein Team - Benno Heckes\" \/>\n<meta property=\"og:description\" content=\"Godehard Mansfeld Godehard Mansfeld ist CEO, Inhaber und Gr\u00fcnder, derjenige der den Draht zum Kunden hat, jederzeit ein offenes Ohr gepaart mit schnellem und tiefgr\u00fcndigem, technischen Sachverstand und einem sehr breiten Erfahrungs-Schatz, der allen zufriedenen und best\u00e4ndigen Kunden bei ihren t\u00e4glichen Problemchen eine praktikable L\u00f6sung bieten kann. &nbsp; Tanja Mansfeld Tanja Mansfeld unterst\u00fctzt uns bei [&hellip;]\" \/>\n<meta property=\"og:url\" content=\"https:\/\/www.heckes.ch\/?page_id=65\" \/>\n<meta property=\"og:site_name\" content=\"Benno Heckes\" \/>\n<meta property=\"article:modified_time\" content=\"2017-12-10T16:33:43+00:00\" \/>\n<meta name=\"twitter:card\" content=\"summary_large_image\" \/>\n<meta name=\"twitter:label1\" content=\"Gesch\u00e4tzte Lesezeit\" \/>\n\t<meta name=\"twitter:data1\" content=\"1\u00a0Minute\" \/>\n<script type=\"application\/ld+json\" class=\"yoast-schema-graph\">{\"@context\":\"https:\/\/schema.org\",\"@graph\":[{\"@type\":\"WebPage\",\"@id\":\"https:\/\/www.heckes.ch\/?page_id=65\",\"url\":\"https:\/\/www.heckes.ch\/?page_id=65\",\"name\":\"Mein Team - Benno Heckes\",\"isPartOf\":{\"@id\":\"https:\/\/www.heckes.ch\/#website\"},\"datePublished\":\"2017-12-10T16:13:19+00:00\",\"dateModified\":\"2017-12-10T16:33:43+00:00\",\"breadcrumb\":{\"@id\":\"https:\/\/www.heckes.ch\/?page_id=65#breadcrumb\"},\"inLanguage\":\"de\",\"potentialAction\":[{\"@type\":\"ReadAction\",\"target\":[\"https:\/\/www.heckes.ch\/?page_id=65\"]}]},{\"@type\":\"BreadcrumbList\",\"@id\":\"https:\/\/www.heckes.ch\/?page_id=65#breadcrumb\",\"itemListElement\":[{\"@type\":\"ListItem\",\"position\":1,\"name\":\"Home\",\"item\":\"https:\/\/www.heckes.ch\/\"},{\"@type\":\"ListItem\",\"position\":2,\"name\":\"Mein Team\"}]},{\"@type\":\"WebSite\",\"@id\":\"https:\/\/www.heckes.ch\/#website\",\"url\":\"https:\/\/www.heckes.ch\/\",\"name\":\"Benno Heckes\",\"description\":\"\",\"potentialAction\":[{\"@type\":\"SearchAction\",\"target\":{\"@type\":\"EntryPoint\",\"urlTemplate\":\"https:\/\/www.heckes.ch\/?s={search_term_string}\"},\"query-input\":{\"@type\":\"PropertyValueSpecification\",\"valueRequired\":true,\"valueName\":\"search_term_string\"}}],\"inLanguage\":\"de\"}]}<\/script>\n<!-- \/ Yoast SEO plugin. -->","yoast_head_json":{"title":"Mein Team - Benno Heckes","robots":{"index":"index","follow":"follow","max-snippet":"max-snippet:-1","max-image-preview":"max-image-preview:large","max-video-preview":"max-video-preview:-1"},"canonical":"https:\/\/www.heckes.ch\/?page_id=65","og_locale":"de_DE","og_type":"article","og_title":"Mein Team - Benno Heckes","og_description":"Godehard Mansfeld Godehard Mansfeld ist CEO, Inhaber und Gr\u00fcnder, derjenige der den Draht zum Kunden hat, jederzeit ein offenes Ohr gepaart mit schnellem und tiefgr\u00fcndigem, technischen Sachverstand und einem sehr breiten Erfahrungs-Schatz, der allen zufriedenen und best\u00e4ndigen Kunden bei ihren t\u00e4glichen Problemchen eine praktikable L\u00f6sung bieten kann. &nbsp; Tanja Mansfeld Tanja Mansfeld unterst\u00fctzt uns bei [&hellip;]","og_url":"https:\/\/www.heckes.ch\/?page_id=65","og_site_name":"Benno Heckes","article_modified_time":"2017-12-10T16:33:43+00:00","twitter_card":"summary_large_image","twitter_misc":{"Gesch\u00e4tzte Lesezeit":"1\u00a0Minute"},"schema":{"@context":"https:\/\/schema.org","@graph":[{"@type":"WebPage","@id":"https:\/\/www.heckes.ch\/?page_id=65","url":"https:\/\/www.heckes.ch\/?page_id=65","name":"Mein Team - Benno Heckes","isPartOf":{"@id":"https:\/\/www.heckes.ch\/#website"},"datePublished":"2017-12-10T16:13:19+00:00","dateModified":"2017-12-10T16:33:43+00:00","breadcrumb":{"@id":"https:\/\/www.heckes.ch\/?page_id=65#breadcrumb"},"inLanguage":"de","potentialAction":[{"@type":"ReadAction","target":["https:\/\/www.heckes.ch\/?page_id=65"]}]},{"@type":"BreadcrumbList","@id":"https:\/\/www.heckes.ch\/?page_id=65#breadcrumb","itemListElement":[{"@type":"ListItem","position":1,"name":"Home","item":"https:\/\/www.heckes.ch\/"},{"@type":"ListItem","position":2,"name":"Mein Team"}]},{"@type":"WebSite","@id":"https:\/\/www.heckes.ch\/#website","url":"https:\/\/www.heckes.ch\/","name":"Benno Heckes","description":"","potentialAction":[{"@type":"SearchAction","target":{"@type":"EntryPoint","urlTemplate":"https:\/\/www.heckes.ch\/?s={search_term_string}"},"query-input":{"@type":"PropertyValueSpecification","valueRequired":true,"valueName":"search_term_string"}}],"inLanguage":"de"}]}},"_links":{"self":[{"href":"https:\/\/www.heckes.ch\/index.php?rest_route=\/wp\/v2\/pages\/65","targetHints":{"allow":["GET"]}}],"collection":[{"href":"https:\/\/www.heckes.ch\/index.php?rest_route=\/wp\/v2\/pages"}],"about":[{"href":"https:\/\/www.heckes.ch\/index.php?rest_route=\/wp\/v2\/types\/page"}],"author":[{"embeddable":true,"href":"https:\/\/www.heckes.ch\/index.php?rest_route=\/wp\/v2\/users\/2"}],"replies":[{"embeddable":true,"href":"https:\/\/www.heckes.ch\/index.php?rest_route=%2Fwp%2Fv2%2Fcomments&post=65"}],"version-history":[{"count":5,"href":"https:\/\/www.heckes.ch\/index.php?rest_route=\/wp\/v2\/pages\/65\/revisions"}],"predecessor-version":[{"id":71,"href":"https:\/\/www.heckes.ch\/index.php?rest_route=\/wp\/v2\/pages\/65\/revisions\/71"}],"wp:attachment":[{"href":"https:\/\/www.heckes.ch\/index.php?rest_route=%2Fwp%2Fv2%2Fmedia&parent=65"}],"curies":[{"name":"wp","href":"https:\/\/api.w.org\/{rel}","templated":true}]}}